{"id":11,"date":"2020-08-07T14:45:41","date_gmt":"2020-08-07T14:45:41","guid":{"rendered":"https:\/\/www.sportnetz-ow.ch\/?page_id=11"},"modified":"2025-09-08T17:13:40","modified_gmt":"2025-09-08T17:13:40","slug":"angebote","status":"publish","type":"page","link":"https:\/\/www.sportnetz-ow.ch\/index.php\/angebote\/","title":{"rendered":"Berufslehre und Sport"},"content":{"rendered":"<p>[vc_row bg_type=&#187;bg_color&#187; bg_color_value=&#187;#ffffff&#187;][vc_column][vc_column_text]<\/p>\n<h2>Ausbildung und Sport<\/h2>\n<p>Das Sportnetz Obwalden setzt auf eine individuelle schulische, oder betriebliche Ausbildung. Die jungen Sportlerinnen und Sportler besuchen Regelklassen der Partnerschulen. Sie profitieren durch die M\u00f6glichkeit einer guten schulischen Ausbildung und der M\u00f6glichkeit von Zusatztrainings w\u00e4hrend der Unterrichtszeit.<\/p>\n<h2>Berufslehre und Sport<\/h2>\n<p>Das Sportnetz Obwalden agiert als Vermittler zwischen Athlet, Lehrbetrieb und Amt f\u00fcr Berufsbildung und versucht mit ihnen L\u00f6sungen zu suchen, die optimalen Voraussetzungen f\u00fcr die Sportlerinnen und Sportler zu schaffen. Es wird jede Situation individuell mit Lehrbetrieb und Lehrling beurteilt. Das Sportnetz Obwalden hilft den Sportlerinnen und Sportlern auch aktiv bei der Suche oder der Vermittlung einer Lehrstelle mit. Daf\u00fcr wird auch eine Zusammenarbeit mit dem Gewerbeverband Obwalden aufgebaut, auf dessen Netzwerk zur\u00fcckgegriffen werden kann.<br \/>\nDas Sportnetz Obwalden will die Obwaldner Betriebe f\u00fcr das Thema sportfreundliche Lehre sensibilisieren. Durch aktive Kommunikationsarbeit des Sportnetzes sollen Betriebe, welche auch speziell in handwerklichen Branchen angesiedelt sind, \u00fcberzeugt werden Lehrstellen mit Freiraum f\u00fcr Training und Wettkampf anzubieten. Somit kann die Vereinbarkeit von Leistungssport und Berufslehre weiter gef\u00f6rdert werden.<\/p>\n<p>F\u00fcr eine sportfreundliche Lehre sind alle Athletinnen und Athleten zugelassen, die im Besitz einer Talent Card sind sind.<\/p>\n<p>Weitere Informationen zur sportfreundlichen Lehre in Obwalden<br \/>\nHier: <a href=\"https:\/\/www.ow.ch\/de\/verwaltung\/dienstleistungen\/?dienst_id=3019\">https:\/\/www.ow.ch\/de\/verwaltung\/dienstleistungen\/?dienst_id=3019<\/a>[\/vc_column_text][\/vc_column][\/vc_row]<\/p>\n","protected":false},"excerpt":{"rendered":"<p>[vc_row bg_type=&#187;bg_color&#187; bg_color_value=&#187;#ffffff&#187;][vc_column][vc_column_text] Ausbildung und Sport Das Sportnetz Obwalden setzt auf eine individuelle schulische, oder betriebliche Ausbildung. Die jungen Sportlerinnen und Sportler besuchen Regelklassen der Partnerschulen. Sie profitieren durch die M\u00f6glichkeit einer guten schulischen Ausbildung und der M\u00f6glichkeit von Zusatztrainings w\u00e4hrend der Unterrichtszeit. Berufslehre und Sport Das Sportnetz Obwalden agiert als Vermittler zwischen Athlet, Lehrbetrieb&hellip;<\/p>\n","protected":false},"author":1,"featured_media":0,"parent":0,"menu_order":0,"comment_status":"closed","ping_status":"closed","template":"","meta":{"_monsterinsights_skip_tracking":false,"_monsterinsights_sitenote_active":false,"_monsterinsights_sitenote_note":"","_monsterinsights_sitenote_category":0,"footnotes":""},"class_list":["post-11","page","type-page","status-publish","hentry","description-off"],"_links":{"self":[{"href":"https:\/\/www.sportnetz-ow.ch\/index.php\/wp-json\/wp\/v2\/pages\/11","targetHints":{"allow":["GET"]}}],"collection":[{"href":"https:\/\/www.sportnetz-ow.ch\/index.php\/wp-json\/wp\/v2\/pages"}],"about":[{"href":"https:\/\/www.sportnetz-ow.ch\/index.php\/wp-json\/wp\/v2\/types\/page"}],"author":[{"embeddable":true,"href":"https:\/\/www.sportnetz-ow.ch\/index.php\/wp-json\/wp\/v2\/users\/1"}],"replies":[{"embeddable":true,"href":"https:\/\/www.sportnetz-ow.ch\/index.php\/wp-json\/wp\/v2\/comments?post=11"}],"version-history":[{"count":8,"href":"https:\/\/www.sportnetz-ow.ch\/index.php\/wp-json\/wp\/v2\/pages\/11\/revisions"}],"predecessor-version":[{"id":4546,"href":"https:\/\/www.sportnetz-ow.ch\/index.php\/wp-json\/wp\/v2\/pages\/11\/revisions\/4546"}],"wp:attachment":[{"href":"https:\/\/www.sportnetz-ow.ch\/index.php\/wp-json\/wp\/v2\/media?parent=11"}],"curies":[{"name":"wp","href":"https:\/\/api.w.org\/{rel}","templated":true}]}}