{"id":3928,"date":"2021-02-01T15:59:38","date_gmt":"2021-02-01T15:59:38","guid":{"rendered":"https:\/\/www.sportnetz-ow.ch\/?page_id=3928"},"modified":"2024-04-05T06:20:27","modified_gmt":"2024-04-05T06:20:27","slug":"berufslehr-und-sport","status":"publish","type":"page","link":"https:\/\/www.sportnetz-ow.ch\/index.php\/angebote\/berufslehr-und-sport\/","title":{"rendered":"Leistungssportfreundliche Lehre"},"content":{"rendered":"<p>[vc_row bg_type=&#187;bg_color&#187; bg_color_value=&#187;#ffffff&#187;][vc_column]<div class=\"ult-spacer spacer-6a046bb85e935\" data-id=\"6a046bb85e935\" data-height=\"50\" data-height-mobile=\"50\" data-height-tab=\"50\" data-height-tab-portrait=\"\" data-height-mobile-landscape=\"\" style=\"clear:both;display:block;\"><\/div><div class=\"dt-fancy-separator title-left h1-size style-disabled\" style=\"width: 100%;\"><div class=\"dt-fancy-title\" style=\"color: #000000;\"><span class=\"separator-holder separator-left\"><\/span>Leistungssportfreundliche Lehre<span class=\"separator-holder separator-right\"><\/span><\/div><\/div>[vc_column_text]<\/p>\n<div>\n<p>F\u00fcr junge Sporttalente ist es nicht einfach Sport und Ausbildung unter einen Hut zu bringen. Rund 2\/3 aller Jugendlichen w\u00e4hlen den Weg in die Berufswelt und absolvieren eine Berufslehre. Bei Sporttalenten ist die Situation umgekehrt, rund 2\/3 absolvieren eine schulische Vollzeitausbildung. Dies ist so weil in den meisten F\u00e4llen die berufliche Grundbildung weniger flexibel gestaltet werden kann als die schulische Grundbildung was f\u00fcr den Sportler\/die Sportlerin und seine\/ihre sportliche Entwicklung nicht f\u00f6rderlich ist.<\/p>\n<p>Mit dem Konzept \u201eLeistungssportfreundliche Lehrbetriebe\u201c soll genau an diesem Punkt angesetzt werden. Junge Leistungssportlerinnen und -sportler brauchen zur Aus\u00fcbung ihres Sports und um den Anforderungen einer dualen Bildung zu gen\u00fcgen eine hohe zeitliche Flexibilit\u00e4t. Die Mission des Vereins Sportnetz Obwalden ist es, m\u00f6glichst keine Sporttalente wegen den Anforderungen an eine Berufsausbildung zu verlieren, aber trotzdem zu erm\u00f6glichen, dass eine auf den\/die einzelne Sportler\/Sportlerin zugeschnittene berufliche Ausbildung erfolgreich absolviert werden kann.<\/p>\n<p>&nbsp;<\/p>\n<p><strong>Wir k\u00f6nnen dir bei folgenden Themen helfen:<\/strong><\/p>\n<ul>\n<li>Vermittlung eines passenden Lehrbetriebs<\/li>\n<li>Erstellung Zusatzvereinbarung Leistungssportfreundlicher Lehrbetrieb mit individuellen Freir\u00e4umen w\u00e4hrend der Lehrzeit f\u00fcr Training und Wettkampf<\/li>\n<li>Suche nach individuellen L\u00f6sungen f\u00fcr Athletinnen und Athleten f\u00fcr den Berufsfachschulunterricht<\/li>\n<\/ul>\n<p><span class=\"ui-provider ed ben beo bep beq ber bes bet beu bev bew bex bey bez bfa bfb bfc bfd bfe bff bfg bfh bfi bfj bfk bfl bfm bfn bfo bfp bfq bfr bfs bft bfu\" dir=\"ltr\">Solltest du Interesse haben, eine Berufslehre verbunden mit Leistungssport zu absolvieren und ben\u00f6tigst du Unterst\u00fctzung bei der Koordination, so melde dich bei uns. Wir k\u00f6nnen dich in diesem Prozess beraten und begleiten und zusammen mit dir eine, f\u00fcr dich zugeschnittene L\u00f6sung finden, so dass du Berufslehre und Leistungssport optimal miteinander vereinbaren kannst.<\/span><\/p>\n<\/div>\n<div>\n<p>&nbsp;<\/p>\n<p><strong>Weiterf\u00fchrende Dokumente<\/strong><\/p>\n<ul>\n<li><a href=\"https:\/\/www.ow.ch\/_docn\/33201\/Konzept_Leistungssportfreundliche_Lehrbetriebe.pdf\">Konzept Leistungssportfreundliche Lehre<\/a><\/li>\n<li><a href=\"https:\/\/www.ow.ch\/_docn\/357265\/Zusatzvereinbarung_Leistungssport.pdf\">Zusatzvereinbarung Leisungssport zum Lehrvertrag<\/a><\/li>\n<\/ul>\n<p>F\u00fcr eine Leistungssportfreundliche Lehre sind alle Athletinnen und Athleten zugelassen, die im Besitz einer Swiss OlympicTalent Card sind.<\/p>\n<\/div>\n<p>[\/vc_column_text][\/vc_column][\/vc_row]<\/p>\n","protected":false},"excerpt":{"rendered":"<p>[vc_row bg_type=&#187;bg_color&#187; bg_color_value=&#187;#ffffff&#187;][vc_column][vc_column_text] F\u00fcr junge Sporttalente ist es nicht einfach Sport und Ausbildung unter einen Hut zu bringen. Rund 2\/3 aller Jugendlichen w\u00e4hlen den Weg in die Berufswelt und absolvieren eine Berufslehre. Bei Sporttalenten ist die Situation umgekehrt, rund 2\/3 absolvieren eine schulische Vollzeitausbildung. Dies ist so weil in den meisten F\u00e4llen die berufliche Grundbildung&hellip;<\/p>\n","protected":false},"author":1,"featured_media":0,"parent":11,"menu_order":0,"comment_status":"closed","ping_status":"closed","template":"","meta":{"_monsterinsights_skip_tracking":false,"_monsterinsights_sitenote_active":false,"_monsterinsights_sitenote_note":"","_monsterinsights_sitenote_category":0,"footnotes":""},"class_list":["post-3928","page","type-page","status-publish","hentry","description-off"],"_links":{"self":[{"href":"https:\/\/www.sportnetz-ow.ch\/index.php\/wp-json\/wp\/v2\/pages\/3928","targetHints":{"allow":["GET"]}}],"collection":[{"href":"https:\/\/www.sportnetz-ow.ch\/index.php\/wp-json\/wp\/v2\/pages"}],"about":[{"href":"https:\/\/www.sportnetz-ow.ch\/index.php\/wp-json\/wp\/v2\/types\/page"}],"author":[{"embeddable":true,"href":"https:\/\/www.sportnetz-ow.ch\/index.php\/wp-json\/wp\/v2\/users\/1"}],"replies":[{"embeddable":true,"href":"https:\/\/www.sportnetz-ow.ch\/index.php\/wp-json\/wp\/v2\/comments?post=3928"}],"version-history":[{"count":14,"href":"https:\/\/www.sportnetz-ow.ch\/index.php\/wp-json\/wp\/v2\/pages\/3928\/revisions"}],"predecessor-version":[{"id":4532,"href":"https:\/\/www.sportnetz-ow.ch\/index.php\/wp-json\/wp\/v2\/pages\/3928\/revisions\/4532"}],"up":[{"embeddable":true,"href":"https:\/\/www.sportnetz-ow.ch\/index.php\/wp-json\/wp\/v2\/pages\/11"}],"wp:attachment":[{"href":"https:\/\/www.sportnetz-ow.ch\/index.php\/wp-json\/wp\/v2\/media?parent=3928"}],"curies":[{"name":"wp","href":"https:\/\/api.w.org\/{rel}","templated":true}]}}